{"id":1151,"date":"2020-02-05T09:52:13","date_gmt":"2020-02-05T08:52:13","guid":{"rendered":"https:\/\/borascamping.se\/oppettider-2\/"},"modified":"2020-11-18T12:51:17","modified_gmt":"2020-11-18T11:51:17","slug":"opening-hours","status":"publish","type":"page","link":"https:\/\/www.borascamping.se\/en\/opening-hours\/","title":{"rendered":"Opening hours"},"content":{"rendered":"\n\n\n<p><\/p>\n","protected":false},"excerpt":{"rendered":"","protected":false},"author":1,"featured_media":1526,"parent":0,"menu_order":0,"comment_status":"closed","ping_status":"closed","template":"page-oppettider.php","meta":[],"yoast_head":"<!-- This site is optimized with the Yoast SEO plugin v18.3 - https:\/\/yoast.com\/wordpress\/plugins\/seo\/ -->\n<title>Opening hours - Bor\u00e5s Camping &amp; Vandrarhem<\/title>\n<meta name=\"robots\" content=\"index, follow, max-snippet:-1, max-image-preview:large, max-video-preview:-1\" \/>\n<link rel=\"canonical\" href=\"https:\/\/mail.borascamping.se\/en\/opening-hours\/\" \/>\n<meta property=\"og:locale\" content=\"en_US\" \/>\n<meta property=\"og:type\" content=\"article\" \/>\n<meta property=\"og:title\" content=\"Opening hours - Bor\u00e5s Camping &amp; Vandrarhem\" \/>\n<meta property=\"og:url\" content=\"https:\/\/mail.borascamping.se\/en\/opening-hours\/\" \/>\n<meta property=\"og:site_name\" content=\"Bor\u00e5s Camping &amp; Vandrarhem\" \/>\n<meta property=\"article:publisher\" content=\"https:\/\/www.facebook.com\/pages\/Bor%c3%a5s-Camping-Saltemad\/184385568239128?__tn__=%2cdkC-R-R&amp;amp%3bamp%3bamp%3bamp%3beid=ARAOyHCpAD0iAON-5UiBjd5J7ifAMMkrFLI7-EYOT2rsfELHShnvOFGP89MbBj6SIvb-j2nW9V2j9Amp&amp;amp%3bamp%3bamp%3bamp%3bhc_ref=ART0GRqRQn90XnrISo2cTV4UDe3jxMV9dotJ1G7bhZI0Ba1R4LGrSFc0wXIBiptbEsI&amp;amp%3bamp%3bamp%3bamp%3bfref=tag\" \/>\n<meta property=\"article:modified_time\" content=\"2020-11-18T11:51:17+00:00\" \/>\n<meta property=\"og:image\" content=\"https:\/\/mail.borascamping.se\/wp-content\/uploads\/2020\/11\/camping_956x532.jpg\" \/>\n\t<meta property=\"og:image:width\" content=\"956\" \/>\n\t<meta property=\"og:image:height\" content=\"532\" \/>\n\t<meta property=\"og:image:type\" content=\"image\/jpeg\" \/>\n<meta name=\"twitter:card\" content=\"summary_large_image\" \/>\n<script type=\"application\/ld+json\" class=\"yoast-schema-graph\">{\"@context\":\"https:\/\/schema.org\",\"@graph\":[{\"@type\":\"WebSite\",\"@id\":\"https:\/\/mail.borascamping.se\/#website\",\"url\":\"https:\/\/mail.borascamping.se\/\",\"name\":\"Bor\u00e5s Camping &amp; Vandrarhem\",\"description\":\"Bor\u00e5s roligaste camping med \u00c4ventyrsomr\u00e5de, restaurang, butik, kiosk, relax med bastu, \u00c4ventyrsgolf, kanoter, trampb\u00e5t, SUP, biljard, konferens, frisbeegolf, boule, badplats och mycket mer\",\"potentialAction\":[{\"@type\":\"SearchAction\",\"target\":{\"@type\":\"EntryPoint\",\"urlTemplate\":\"https:\/\/mail.borascamping.se\/?s={search_term_string}\"},\"query-input\":\"required name=search_term_string\"}],\"inLanguage\":\"en-US\"},{\"@type\":\"ImageObject\",\"@id\":\"https:\/\/mail.borascamping.se\/en\/opening-hours\/#primaryimage\",\"inLanguage\":\"en-US\",\"url\":\"https:\/\/www.borascamping.se\/wp-content\/uploads\/2020\/11\/camping_956x532.jpg\",\"contentUrl\":\"https:\/\/www.borascamping.se\/wp-content\/uploads\/2020\/11\/camping_956x532.jpg\",\"width\":956,\"height\":532,\"caption\":\"Bor\u00e5s camping den 6 juni 2019. Foto: J\u00f6rgen Jarnberger \/ Bor\u00e5s djurpark\"},{\"@type\":\"WebPage\",\"@id\":\"https:\/\/mail.borascamping.se\/en\/opening-hours\/#webpage\",\"url\":\"https:\/\/mail.borascamping.se\/en\/opening-hours\/\",\"name\":\"Opening hours - Bor\u00e5s Camping &amp; Vandrarhem\",\"isPartOf\":{\"@id\":\"https:\/\/mail.borascamping.se\/#website\"},\"primaryImageOfPage\":{\"@id\":\"https:\/\/mail.borascamping.se\/en\/opening-hours\/#primaryimage\"},\"datePublished\":\"2020-02-05T08:52:13+00:00\",\"dateModified\":\"2020-11-18T11:51:17+00:00\",\"breadcrumb\":{\"@id\":\"https:\/\/mail.borascamping.se\/en\/opening-hours\/#breadcrumb\"},\"inLanguage\":\"en-US\",\"potentialAction\":[{\"@type\":\"ReadAction\",\"target\":[\"https:\/\/mail.borascamping.se\/en\/opening-hours\/\"]}]},{\"@type\":\"BreadcrumbList\",\"@id\":\"https:\/\/mail.borascamping.se\/en\/opening-hours\/#breadcrumb\",\"itemListElement\":[{\"@type\":\"ListItem\",\"position\":1,\"name\":\"Opening hours\"}]}]}<\/script>\n<!-- \/ Yoast SEO plugin. -->","yoast_head_json":{"title":"Opening hours - Bor\u00e5s Camping &amp; Vandrarhem","robots":{"index":"index","follow":"follow","max-snippet":"max-snippet:-1","max-image-preview":"max-image-preview:large","max-video-preview":"max-video-preview:-1"},"canonical":"https:\/\/mail.borascamping.se\/en\/opening-hours\/","og_locale":"en_US","og_type":"article","og_title":"Opening hours - Bor\u00e5s Camping &amp; Vandrarhem","og_url":"https:\/\/mail.borascamping.se\/en\/opening-hours\/","og_site_name":"Bor\u00e5s Camping &amp; Vandrarhem","article_publisher":"https:\/\/www.facebook.com\/pages\/Bor%c3%a5s-Camping-Saltemad\/184385568239128?__tn__=%2cdkC-R-R&amp%3bamp%3bamp%3bamp%3beid=ARAOyHCpAD0iAON-5UiBjd5J7ifAMMkrFLI7-EYOT2rsfELHShnvOFGP89MbBj6SIvb-j2nW9V2j9Amp&amp%3bamp%3bamp%3bamp%3bhc_ref=ART0GRqRQn90XnrISo2cTV4UDe3jxMV9dotJ1G7bhZI0Ba1R4LGrSFc0wXIBiptbEsI&amp%3bamp%3bamp%3bamp%3bfref=tag","article_modified_time":"2020-11-18T11:51:17+00:00","og_image":[{"width":956,"height":532,"url":"https:\/\/mail.borascamping.se\/wp-content\/uploads\/2020\/11\/camping_956x532.jpg","type":"image\/jpeg"}],"twitter_card":"summary_large_image","schema":{"@context":"https:\/\/schema.org","@graph":[{"@type":"WebSite","@id":"https:\/\/mail.borascamping.se\/#website","url":"https:\/\/mail.borascamping.se\/","name":"Bor\u00e5s Camping &amp; Vandrarhem","description":"Bor\u00e5s roligaste camping med \u00c4ventyrsomr\u00e5de, restaurang, butik, kiosk, relax med bastu, \u00c4ventyrsgolf, kanoter, trampb\u00e5t, SUP, biljard, konferens, frisbeegolf, boule, badplats och mycket mer","potentialAction":[{"@type":"SearchAction","target":{"@type":"EntryPoint","urlTemplate":"https:\/\/mail.borascamping.se\/?s={search_term_string}"},"query-input":"required name=search_term_string"}],"inLanguage":"en-US"},{"@type":"ImageObject","@id":"https:\/\/mail.borascamping.se\/en\/opening-hours\/#primaryimage","inLanguage":"en-US","url":"https:\/\/www.borascamping.se\/wp-content\/uploads\/2020\/11\/camping_956x532.jpg","contentUrl":"https:\/\/www.borascamping.se\/wp-content\/uploads\/2020\/11\/camping_956x532.jpg","width":956,"height":532,"caption":"Bor\u00e5s camping den 6 juni 2019. Foto: J\u00f6rgen Jarnberger \/ Bor\u00e5s djurpark"},{"@type":"WebPage","@id":"https:\/\/mail.borascamping.se\/en\/opening-hours\/#webpage","url":"https:\/\/mail.borascamping.se\/en\/opening-hours\/","name":"Opening hours - Bor\u00e5s Camping &amp; Vandrarhem","isPartOf":{"@id":"https:\/\/mail.borascamping.se\/#website"},"primaryImageOfPage":{"@id":"https:\/\/mail.borascamping.se\/en\/opening-hours\/#primaryimage"},"datePublished":"2020-02-05T08:52:13+00:00","dateModified":"2020-11-18T11:51:17+00:00","breadcrumb":{"@id":"https:\/\/mail.borascamping.se\/en\/opening-hours\/#breadcrumb"},"inLanguage":"en-US","potentialAction":[{"@type":"ReadAction","target":["https:\/\/mail.borascamping.se\/en\/opening-hours\/"]}]},{"@type":"BreadcrumbList","@id":"https:\/\/mail.borascamping.se\/en\/opening-hours\/#breadcrumb","itemListElement":[{"@type":"ListItem","position":1,"name":"Opening hours"}]}]}},"acf":[],"_links":{"self":[{"href":"https:\/\/www.borascamping.se\/en\/wp-json\/wp\/v2\/pages\/1151"}],"collection":[{"href":"https:\/\/www.borascamping.se\/en\/wp-json\/wp\/v2\/pages"}],"about":[{"href":"https:\/\/www.borascamping.se\/en\/wp-json\/wp\/v2\/types\/page"}],"author":[{"embeddable":true,"href":"https:\/\/www.borascamping.se\/en\/wp-json\/wp\/v2\/users\/1"}],"replies":[{"embeddable":true,"href":"https:\/\/www.borascamping.se\/en\/wp-json\/wp\/v2\/comments?post=1151"}],"version-history":[{"count":14,"href":"https:\/\/www.borascamping.se\/en\/wp-json\/wp\/v2\/pages\/1151\/revisions"}],"predecessor-version":[{"id":1527,"href":"https:\/\/www.borascamping.se\/en\/wp-json\/wp\/v2\/pages\/1151\/revisions\/1527"}],"wp:featuredmedia":[{"embeddable":true,"href":"https:\/\/www.borascamping.se\/en\/wp-json\/wp\/v2\/media\/1526"}],"wp:attachment":[{"href":"https:\/\/www.borascamping.se\/en\/wp-json\/wp\/v2\/media?parent=1151"}],"curies":[{"name":"wp","href":"https:\/\/api.w.org\/{rel}","templated":true}]}}