{"id":3041,"date":"2021-03-30T17:07:54","date_gmt":"2021-03-30T15:07:54","guid":{"rendered":"https:\/\/www.borascamping.se\/good-to-know\/wifi\/"},"modified":"2022-06-07T14:13:26","modified_gmt":"2022-06-07T12:13:26","slug":"wifi","status":"publish","type":"page","link":"https:\/\/www.borascamping.se\/en\/good-to-know\/wifi\/","title":{"rendered":"Wifi"},"content":{"rendered":"\n<p>Free Wi-Fi is available in the area for all of our guests, whether you are only visiting during the day or whether you are staying on a campsite, in a cabin or in the hostel.<br><br>Boras_free_wifi Approve the terms in the browser window. Done.<br>Saltemad Password: Satlemad2020<br><br>The staff will gladly help you with information about how to log in.<\/p>\n\n\n\n<p class=\"has-text-align-center\"><\/p>\n","protected":false},"excerpt":{"rendered":"<p>Free Wi-Fi is available in the area for all of our guests, whether you are only visiting during the day\u2026<\/p>\n","protected":false},"author":1,"featured_media":2142,"parent":3020,"menu_order":0,"comment_status":"closed","ping_status":"closed","template":"","meta":[],"yoast_head":"<!-- This site is optimized with the Yoast SEO plugin v18.3 - https:\/\/yoast.com\/wordpress\/plugins\/seo\/ -->\n<title>Wifi - Bor\u00e5s Camping &amp; Vandrarhem<\/title>\n<meta name=\"robots\" content=\"index, follow, max-snippet:-1, max-image-preview:large, max-video-preview:-1\" \/>\n<link rel=\"canonical\" href=\"https:\/\/www.borascamping.se\/en\/good-to-know\/wifi\/\" \/>\n<meta property=\"og:locale\" content=\"en_US\" \/>\n<meta property=\"og:type\" content=\"article\" \/>\n<meta property=\"og:title\" content=\"Wifi - Bor\u00e5s Camping &amp; Vandrarhem\" \/>\n<meta property=\"og:description\" content=\"Free Wi-Fi is available in the area for all of our guests, whether you are only visiting during the day\u2026\" \/>\n<meta property=\"og:url\" content=\"https:\/\/www.borascamping.se\/en\/good-to-know\/wifi\/\" \/>\n<meta property=\"og:site_name\" content=\"Bor\u00e5s Camping &amp; Vandrarhem\" \/>\n<meta property=\"article:publisher\" content=\"https:\/\/www.facebook.com\/pages\/Bor%c3%a5s-Camping-Saltemad\/184385568239128?__tn__=%2cdkC-R-R&amp;amp%3bamp%3bamp%3bamp%3beid=ARAOyHCpAD0iAON-5UiBjd5J7ifAMMkrFLI7-EYOT2rsfELHShnvOFGP89MbBj6SIvb-j2nW9V2j9Amp&amp;amp%3bamp%3bamp%3bamp%3bhc_ref=ART0GRqRQn90XnrISo2cTV4UDe3jxMV9dotJ1G7bhZI0Ba1R4LGrSFc0wXIBiptbEsI&amp;amp%3bamp%3bamp%3bamp%3bfref=tag\" \/>\n<meta property=\"article:modified_time\" content=\"2022-06-07T12:13:26+00:00\" \/>\n<meta property=\"og:image\" content=\"https:\/\/www.borascamping.se\/wp-content\/uploads\/2021\/04\/mobil-wifi.-scaled.jpg\" \/>\n\t<meta property=\"og:image:width\" content=\"2560\" \/>\n\t<meta property=\"og:image:height\" content=\"2516\" \/>\n\t<meta property=\"og:image:type\" content=\"image\/jpeg\" \/>\n<meta name=\"twitter:card\" content=\"summary_large_image\" \/>\n<meta name=\"twitter:label1\" content=\"Est. reading time\" \/>\n\t<meta name=\"twitter:data1\" content=\"1 minute\" \/>\n<script type=\"application\/ld+json\" class=\"yoast-schema-graph\">{\"@context\":\"https:\/\/schema.org\",\"@graph\":[{\"@type\":\"WebSite\",\"@id\":\"https:\/\/www.borascamping.se\/#website\",\"url\":\"https:\/\/www.borascamping.se\/\",\"name\":\"Bor\u00e5s Camping &amp; Vandrarhem\",\"description\":\"Bor\u00e5s roligaste camping med \u00c4ventyrsomr\u00e5de, restaurang, butik, kiosk, relax med bastu, \u00c4ventyrsgolf, kanoter, trampb\u00e5t, SUP, biljard, konferens, frisbeegolf, boule, badplats och mycket mer\",\"potentialAction\":[{\"@type\":\"SearchAction\",\"target\":{\"@type\":\"EntryPoint\",\"urlTemplate\":\"https:\/\/www.borascamping.se\/?s={search_term_string}\"},\"query-input\":\"required name=search_term_string\"}],\"inLanguage\":\"en-US\"},{\"@type\":\"ImageObject\",\"@id\":\"https:\/\/www.borascamping.se\/en\/good-to-know\/wifi\/#primaryimage\",\"inLanguage\":\"en-US\",\"url\":\"https:\/\/www.borascamping.se\/wp-content\/uploads\/2021\/04\/mobil-wifi.-scaled.jpg\",\"contentUrl\":\"https:\/\/www.borascamping.se\/wp-content\/uploads\/2021\/04\/mobil-wifi.-scaled.jpg\",\"width\":2560,\"height\":2516},{\"@type\":\"WebPage\",\"@id\":\"https:\/\/www.borascamping.se\/en\/good-to-know\/wifi\/#webpage\",\"url\":\"https:\/\/www.borascamping.se\/en\/good-to-know\/wifi\/\",\"name\":\"Wifi - Bor\u00e5s Camping &amp; Vandrarhem\",\"isPartOf\":{\"@id\":\"https:\/\/www.borascamping.se\/#website\"},\"primaryImageOfPage\":{\"@id\":\"https:\/\/www.borascamping.se\/en\/good-to-know\/wifi\/#primaryimage\"},\"datePublished\":\"2021-03-30T15:07:54+00:00\",\"dateModified\":\"2022-06-07T12:13:26+00:00\",\"breadcrumb\":{\"@id\":\"https:\/\/www.borascamping.se\/en\/good-to-know\/wifi\/#breadcrumb\"},\"inLanguage\":\"en-US\",\"potentialAction\":[{\"@type\":\"ReadAction\",\"target\":[\"https:\/\/www.borascamping.se\/en\/good-to-know\/wifi\/\"]}]},{\"@type\":\"BreadcrumbList\",\"@id\":\"https:\/\/www.borascamping.se\/en\/good-to-know\/wifi\/#breadcrumb\",\"itemListElement\":[{\"@type\":\"ListItem\",\"position\":1,\"name\":\"Good to know\",\"item\":\"https:\/\/www.borascamping.se\/en\/good-to-know\/\"},{\"@type\":\"ListItem\",\"position\":2,\"name\":\"Wifi\"}]}]}<\/script>\n<!-- \/ Yoast SEO plugin. -->","yoast_head_json":{"title":"Wifi - Bor\u00e5s Camping &amp; Vandrarhem","robots":{"index":"index","follow":"follow","max-snippet":"max-snippet:-1","max-image-preview":"max-image-preview:large","max-video-preview":"max-video-preview:-1"},"canonical":"https:\/\/www.borascamping.se\/en\/good-to-know\/wifi\/","og_locale":"en_US","og_type":"article","og_title":"Wifi - Bor\u00e5s Camping &amp; Vandrarhem","og_description":"Free Wi-Fi is available in the area for all of our guests, whether you are only visiting during the day\u2026","og_url":"https:\/\/www.borascamping.se\/en\/good-to-know\/wifi\/","og_site_name":"Bor\u00e5s Camping &amp; Vandrarhem","article_publisher":"https:\/\/www.facebook.com\/pages\/Bor%c3%a5s-Camping-Saltemad\/184385568239128?__tn__=%2cdkC-R-R&amp%3bamp%3bamp%3bamp%3beid=ARAOyHCpAD0iAON-5UiBjd5J7ifAMMkrFLI7-EYOT2rsfELHShnvOFGP89MbBj6SIvb-j2nW9V2j9Amp&amp%3bamp%3bamp%3bamp%3bhc_ref=ART0GRqRQn90XnrISo2cTV4UDe3jxMV9dotJ1G7bhZI0Ba1R4LGrSFc0wXIBiptbEsI&amp%3bamp%3bamp%3bamp%3bfref=tag","article_modified_time":"2022-06-07T12:13:26+00:00","og_image":[{"width":2560,"height":2516,"url":"https:\/\/www.borascamping.se\/wp-content\/uploads\/2021\/04\/mobil-wifi.-scaled.jpg","type":"image\/jpeg"}],"twitter_card":"summary_large_image","twitter_misc":{"Est. reading time":"1 minute"},"schema":{"@context":"https:\/\/schema.org","@graph":[{"@type":"WebSite","@id":"https:\/\/www.borascamping.se\/#website","url":"https:\/\/www.borascamping.se\/","name":"Bor\u00e5s Camping &amp; Vandrarhem","description":"Bor\u00e5s roligaste camping med \u00c4ventyrsomr\u00e5de, restaurang, butik, kiosk, relax med bastu, \u00c4ventyrsgolf, kanoter, trampb\u00e5t, SUP, biljard, konferens, frisbeegolf, boule, badplats och mycket mer","potentialAction":[{"@type":"SearchAction","target":{"@type":"EntryPoint","urlTemplate":"https:\/\/www.borascamping.se\/?s={search_term_string}"},"query-input":"required name=search_term_string"}],"inLanguage":"en-US"},{"@type":"ImageObject","@id":"https:\/\/www.borascamping.se\/en\/good-to-know\/wifi\/#primaryimage","inLanguage":"en-US","url":"https:\/\/www.borascamping.se\/wp-content\/uploads\/2021\/04\/mobil-wifi.-scaled.jpg","contentUrl":"https:\/\/www.borascamping.se\/wp-content\/uploads\/2021\/04\/mobil-wifi.-scaled.jpg","width":2560,"height":2516},{"@type":"WebPage","@id":"https:\/\/www.borascamping.se\/en\/good-to-know\/wifi\/#webpage","url":"https:\/\/www.borascamping.se\/en\/good-to-know\/wifi\/","name":"Wifi - Bor\u00e5s Camping &amp; Vandrarhem","isPartOf":{"@id":"https:\/\/www.borascamping.se\/#website"},"primaryImageOfPage":{"@id":"https:\/\/www.borascamping.se\/en\/good-to-know\/wifi\/#primaryimage"},"datePublished":"2021-03-30T15:07:54+00:00","dateModified":"2022-06-07T12:13:26+00:00","breadcrumb":{"@id":"https:\/\/www.borascamping.se\/en\/good-to-know\/wifi\/#breadcrumb"},"inLanguage":"en-US","potentialAction":[{"@type":"ReadAction","target":["https:\/\/www.borascamping.se\/en\/good-to-know\/wifi\/"]}]},{"@type":"BreadcrumbList","@id":"https:\/\/www.borascamping.se\/en\/good-to-know\/wifi\/#breadcrumb","itemListElement":[{"@type":"ListItem","position":1,"name":"Good to know","item":"https:\/\/www.borascamping.se\/en\/good-to-know\/"},{"@type":"ListItem","position":2,"name":"Wifi"}]}]}},"acf":[],"_links":{"self":[{"href":"https:\/\/www.borascamping.se\/en\/wp-json\/wp\/v2\/pages\/3041"}],"collection":[{"href":"https:\/\/www.borascamping.se\/en\/wp-json\/wp\/v2\/pages"}],"about":[{"href":"https:\/\/www.borascamping.se\/en\/wp-json\/wp\/v2\/types\/page"}],"author":[{"embeddable":true,"href":"https:\/\/www.borascamping.se\/en\/wp-json\/wp\/v2\/users\/1"}],"replies":[{"embeddable":true,"href":"https:\/\/www.borascamping.se\/en\/wp-json\/wp\/v2\/comments?post=3041"}],"version-history":[{"count":1,"href":"https:\/\/www.borascamping.se\/en\/wp-json\/wp\/v2\/pages\/3041\/revisions"}],"predecessor-version":[{"id":3042,"href":"https:\/\/www.borascamping.se\/en\/wp-json\/wp\/v2\/pages\/3041\/revisions\/3042"}],"up":[{"embeddable":true,"href":"https:\/\/www.borascamping.se\/en\/wp-json\/wp\/v2\/pages\/3020"}],"wp:featuredmedia":[{"embeddable":true,"href":"https:\/\/www.borascamping.se\/en\/wp-json\/wp\/v2\/media\/2142"}],"wp:attachment":[{"href":"https:\/\/www.borascamping.se\/en\/wp-json\/wp\/v2\/media?parent=3041"}],"curies":[{"name":"wp","href":"https:\/\/api.w.org\/{rel}","templated":true}]}}