{"id":3079,"date":"2021-03-30T17:02:58","date_gmt":"2021-03-30T15:02:58","guid":{"rendered":"https:\/\/www.borascamping.se\/grupper\/konferens\/"},"modified":"2022-06-08T07:51:53","modified_gmt":"2022-06-08T05:51:53","slug":"conference","status":"publish","type":"page","link":"https:\/\/www.borascamping.se\/en\/grupper\/conference\/","title":{"rendered":"Conference"},"content":{"rendered":"\n<p>Would you like to hold a conference in a wonderful setting?<br>We have lovely premises, great food and fun activities. Come take a walk and enjoy the beautiful natural scenery, go hiking in Rya \u00c5sar, go canoeing on the Viskan, or play mini golf or disc golf.<br><br>We can offer a breakfast buffet, lunch, coffee, snacks, and dinner based on your requests.<br><br>Our venues can hold approx. 40\u201350 people and 20\u201330 people, depending on the seating arrangement.<br>You are welcome to contact us for more information<\/p>\n","protected":false},"excerpt":{"rendered":"<p>Would you like to hold a conference in a wonderful setting?We have lovely premises, great food and fun activities. Come\u2026<\/p>\n","protected":false},"author":1,"featured_media":2724,"parent":3057,"menu_order":0,"comment_status":"closed","ping_status":"closed","template":"","meta":[],"yoast_head":"<!-- This site is optimized with the Yoast SEO plugin v18.3 - https:\/\/yoast.com\/wordpress\/plugins\/seo\/ -->\n<title>Conference - Bor\u00e5s Camping &amp; Vandrarhem<\/title>\n<meta name=\"robots\" content=\"index, follow, max-snippet:-1, max-image-preview:large, max-video-preview:-1\" \/>\n<link rel=\"canonical\" href=\"https:\/\/wvrczcpcontacts.borascamping.se\/en\/grupper\/conference\/\" \/>\n<meta property=\"og:locale\" content=\"en_US\" \/>\n<meta property=\"og:type\" content=\"article\" \/>\n<meta property=\"og:title\" content=\"Conference - Bor\u00e5s Camping &amp; Vandrarhem\" \/>\n<meta property=\"og:description\" content=\"Would you like to hold a conference in a wonderful setting?We have lovely premises, great food and fun activities. Come\u2026\" \/>\n<meta property=\"og:url\" content=\"https:\/\/wvrczcpcontacts.borascamping.se\/en\/grupper\/conference\/\" \/>\n<meta property=\"og:site_name\" content=\"Bor\u00e5s Camping &amp; Vandrarhem\" \/>\n<meta property=\"article:publisher\" content=\"https:\/\/www.facebook.com\/pages\/Bor%c3%a5s-Camping-Saltemad\/184385568239128?__tn__=%2cdkC-R-R&amp;amp%3bamp%3bamp%3bamp%3beid=ARAOyHCpAD0iAON-5UiBjd5J7ifAMMkrFLI7-EYOT2rsfELHShnvOFGP89MbBj6SIvb-j2nW9V2j9Amp&amp;amp%3bamp%3bamp%3bamp%3bhc_ref=ART0GRqRQn90XnrISo2cTV4UDe3jxMV9dotJ1G7bhZI0Ba1R4LGrSFc0wXIBiptbEsI&amp;amp%3bamp%3bamp%3bamp%3bfref=tag\" \/>\n<meta property=\"article:modified_time\" content=\"2022-06-08T05:51:53+00:00\" \/>\n<meta property=\"og:image\" content=\"https:\/\/wvrczcpcontacts.borascamping.se\/wp-content\/uploads\/2022\/04\/konferens.jpg\" \/>\n\t<meta property=\"og:image:width\" content=\"674\" \/>\n\t<meta property=\"og:image:height\" content=\"960\" \/>\n\t<meta property=\"og:image:type\" content=\"image\/jpeg\" \/>\n<meta name=\"twitter:card\" content=\"summary_large_image\" \/>\n<meta name=\"twitter:label1\" content=\"Est. reading time\" \/>\n\t<meta name=\"twitter:data1\" content=\"1 minute\" \/>\n<script type=\"application\/ld+json\" class=\"yoast-schema-graph\">{\"@context\":\"https:\/\/schema.org\",\"@graph\":[{\"@type\":\"WebSite\",\"@id\":\"https:\/\/mail.borascamping.se\/#website\",\"url\":\"https:\/\/mail.borascamping.se\/\",\"name\":\"Bor\u00e5s Camping &amp; Vandrarhem\",\"description\":\"Bor\u00e5s roligaste camping med \u00c4ventyrsomr\u00e5de, restaurang, butik, kiosk, relax med bastu, \u00c4ventyrsgolf, kanoter, trampb\u00e5t, SUP, biljard, konferens, frisbeegolf, boule, badplats och mycket mer\",\"potentialAction\":[{\"@type\":\"SearchAction\",\"target\":{\"@type\":\"EntryPoint\",\"urlTemplate\":\"https:\/\/mail.borascamping.se\/?s={search_term_string}\"},\"query-input\":\"required name=search_term_string\"}],\"inLanguage\":\"en-US\"},{\"@type\":\"ImageObject\",\"@id\":\"https:\/\/wvrczcpcontacts.borascamping.se\/en\/grupper\/conference\/#primaryimage\",\"inLanguage\":\"en-US\",\"url\":\"https:\/\/www.borascamping.se\/wp-content\/uploads\/2022\/04\/konferens.jpg\",\"contentUrl\":\"https:\/\/www.borascamping.se\/wp-content\/uploads\/2022\/04\/konferens.jpg\",\"width\":674,\"height\":960},{\"@type\":\"WebPage\",\"@id\":\"https:\/\/wvrczcpcontacts.borascamping.se\/en\/grupper\/conference\/#webpage\",\"url\":\"https:\/\/wvrczcpcontacts.borascamping.se\/en\/grupper\/conference\/\",\"name\":\"Conference - Bor\u00e5s Camping &amp; Vandrarhem\",\"isPartOf\":{\"@id\":\"https:\/\/mail.borascamping.se\/#website\"},\"primaryImageOfPage\":{\"@id\":\"https:\/\/wvrczcpcontacts.borascamping.se\/en\/grupper\/conference\/#primaryimage\"},\"datePublished\":\"2021-03-30T15:02:58+00:00\",\"dateModified\":\"2022-06-08T05:51:53+00:00\",\"breadcrumb\":{\"@id\":\"https:\/\/wvrczcpcontacts.borascamping.se\/en\/grupper\/conference\/#breadcrumb\"},\"inLanguage\":\"en-US\",\"potentialAction\":[{\"@type\":\"ReadAction\",\"target\":[\"https:\/\/wvrczcpcontacts.borascamping.se\/en\/grupper\/conference\/\"]}]},{\"@type\":\"BreadcrumbList\",\"@id\":\"https:\/\/wvrczcpcontacts.borascamping.se\/en\/grupper\/conference\/#breadcrumb\",\"itemListElement\":[{\"@type\":\"ListItem\",\"position\":1,\"name\":\"Groups\",\"item\":\"https:\/\/webdisk.borascamping.se\/en\/grupper\/\"},{\"@type\":\"ListItem\",\"position\":2,\"name\":\"Conference\"}]}]}<\/script>\n<!-- \/ Yoast SEO plugin. -->","yoast_head_json":{"title":"Conference - Bor\u00e5s Camping &amp; Vandrarhem","robots":{"index":"index","follow":"follow","max-snippet":"max-snippet:-1","max-image-preview":"max-image-preview:large","max-video-preview":"max-video-preview:-1"},"canonical":"https:\/\/wvrczcpcontacts.borascamping.se\/en\/grupper\/conference\/","og_locale":"en_US","og_type":"article","og_title":"Conference - Bor\u00e5s Camping &amp; Vandrarhem","og_description":"Would you like to hold a conference in a wonderful setting?We have lovely premises, great food and fun activities. Come\u2026","og_url":"https:\/\/wvrczcpcontacts.borascamping.se\/en\/grupper\/conference\/","og_site_name":"Bor\u00e5s Camping &amp; Vandrarhem","article_publisher":"https:\/\/www.facebook.com\/pages\/Bor%c3%a5s-Camping-Saltemad\/184385568239128?__tn__=%2cdkC-R-R&amp%3bamp%3bamp%3bamp%3beid=ARAOyHCpAD0iAON-5UiBjd5J7ifAMMkrFLI7-EYOT2rsfELHShnvOFGP89MbBj6SIvb-j2nW9V2j9Amp&amp%3bamp%3bamp%3bamp%3bhc_ref=ART0GRqRQn90XnrISo2cTV4UDe3jxMV9dotJ1G7bhZI0Ba1R4LGrSFc0wXIBiptbEsI&amp%3bamp%3bamp%3bamp%3bfref=tag","article_modified_time":"2022-06-08T05:51:53+00:00","og_image":[{"width":674,"height":960,"url":"https:\/\/wvrczcpcontacts.borascamping.se\/wp-content\/uploads\/2022\/04\/konferens.jpg","type":"image\/jpeg"}],"twitter_card":"summary_large_image","twitter_misc":{"Est. reading time":"1 minute"},"schema":{"@context":"https:\/\/schema.org","@graph":[{"@type":"WebSite","@id":"https:\/\/mail.borascamping.se\/#website","url":"https:\/\/mail.borascamping.se\/","name":"Bor\u00e5s Camping &amp; Vandrarhem","description":"Bor\u00e5s roligaste camping med \u00c4ventyrsomr\u00e5de, restaurang, butik, kiosk, relax med bastu, \u00c4ventyrsgolf, kanoter, trampb\u00e5t, SUP, biljard, konferens, frisbeegolf, boule, badplats och mycket mer","potentialAction":[{"@type":"SearchAction","target":{"@type":"EntryPoint","urlTemplate":"https:\/\/mail.borascamping.se\/?s={search_term_string}"},"query-input":"required name=search_term_string"}],"inLanguage":"en-US"},{"@type":"ImageObject","@id":"https:\/\/wvrczcpcontacts.borascamping.se\/en\/grupper\/conference\/#primaryimage","inLanguage":"en-US","url":"https:\/\/www.borascamping.se\/wp-content\/uploads\/2022\/04\/konferens.jpg","contentUrl":"https:\/\/www.borascamping.se\/wp-content\/uploads\/2022\/04\/konferens.jpg","width":674,"height":960},{"@type":"WebPage","@id":"https:\/\/wvrczcpcontacts.borascamping.se\/en\/grupper\/conference\/#webpage","url":"https:\/\/wvrczcpcontacts.borascamping.se\/en\/grupper\/conference\/","name":"Conference - Bor\u00e5s Camping &amp; Vandrarhem","isPartOf":{"@id":"https:\/\/mail.borascamping.se\/#website"},"primaryImageOfPage":{"@id":"https:\/\/wvrczcpcontacts.borascamping.se\/en\/grupper\/conference\/#primaryimage"},"datePublished":"2021-03-30T15:02:58+00:00","dateModified":"2022-06-08T05:51:53+00:00","breadcrumb":{"@id":"https:\/\/wvrczcpcontacts.borascamping.se\/en\/grupper\/conference\/#breadcrumb"},"inLanguage":"en-US","potentialAction":[{"@type":"ReadAction","target":["https:\/\/wvrczcpcontacts.borascamping.se\/en\/grupper\/conference\/"]}]},{"@type":"BreadcrumbList","@id":"https:\/\/wvrczcpcontacts.borascamping.se\/en\/grupper\/conference\/#breadcrumb","itemListElement":[{"@type":"ListItem","position":1,"name":"Groups","item":"https:\/\/webdisk.borascamping.se\/en\/grupper\/"},{"@type":"ListItem","position":2,"name":"Conference"}]}]}},"acf":[],"_links":{"self":[{"href":"https:\/\/www.borascamping.se\/en\/wp-json\/wp\/v2\/pages\/3079"}],"collection":[{"href":"https:\/\/www.borascamping.se\/en\/wp-json\/wp\/v2\/pages"}],"about":[{"href":"https:\/\/www.borascamping.se\/en\/wp-json\/wp\/v2\/types\/page"}],"author":[{"embeddable":true,"href":"https:\/\/www.borascamping.se\/en\/wp-json\/wp\/v2\/users\/1"}],"replies":[{"embeddable":true,"href":"https:\/\/www.borascamping.se\/en\/wp-json\/wp\/v2\/comments?post=3079"}],"version-history":[{"count":3,"href":"https:\/\/www.borascamping.se\/en\/wp-json\/wp\/v2\/pages\/3079\/revisions"}],"predecessor-version":[{"id":3088,"href":"https:\/\/www.borascamping.se\/en\/wp-json\/wp\/v2\/pages\/3079\/revisions\/3088"}],"up":[{"embeddable":true,"href":"https:\/\/www.borascamping.se\/en\/wp-json\/wp\/v2\/pages\/3057"}],"wp:featuredmedia":[{"embeddable":true,"href":"https:\/\/www.borascamping.se\/en\/wp-json\/wp\/v2\/media\/2724"}],"wp:attachment":[{"href":"https:\/\/www.borascamping.se\/en\/wp-json\/wp\/v2\/media?parent=3079"}],"curies":[{"name":"wp","href":"https:\/\/api.w.org\/{rel}","templated":true}]}}